{"id":12947,"date":"2026-02-03T06:15:58","date_gmt":"2026-02-03T04:15:58","guid":{"rendered":"https:\/\/actividadesextraescolaresmadrid-actex.com\/kickthewop\/?post_type=product&#038;p=12947"},"modified":"2026-04-13T23:25:53","modified_gmt":"2026-04-13T21:25:53","slug":"4a-edicion-campeonato-kick-the-wop","status":"publish","type":"product","link":"https:\/\/actividadesextraescolaresmadrid-actex.com\/kickthewop\/producto\/4a-edicion-campeonato-kick-the-wop\/","title":{"rendered":"4\u00aa Edici\u00f3n Campeonato Kick The Wop"},"content":{"rendered":"","protected":false},"excerpt":{"rendered":"<p><span style=\"color: #008000;\"><strong>UN EVENTO DE UNI\u00d3N Y ESPECT\u00c1CULO QUE<\/strong><strong> TENDR\u00c1 LUGAR EL D\u00cdA 18 DE ABRIL DEL 2026 CON BAILARINES\/AS DE TODOS LOS RINCONES DEL PA\u00cdS.<\/strong><\/span><\/p>\n<p><strong>IMPORTANTE:<\/strong> Al realizar la reserva, te aparecer\u00e1 una casilla con la etiqueta &#8220;Asignado a&#8221; para indicar el nombre de las personas a las que quieres asociar las entradas. De esta manera, podr\u00e1s luego compartirlas f\u00e1cilmente sin errores cuando te lleguen al correo. Si todav\u00eda no sabes a qui\u00e9n se asociar\u00e1n las entradas, escribe en las casillas cualquier otro texto.<\/p>\n<p><strong>IMPORTANTE:<\/strong> si tu tarjeta es de ING, s\u00f3lo podr\u00e1s realizar el pago a trav\u00e9s de la opci\u00f3n de Bizum que te dar\u00e1 la pasarela.<\/p>\n<p><strong>SOBRE MENORES DE 4 A\u00d1OS:<\/strong> para acogerse a la entrada gratuita para menores de 4 a\u00f1os, es necesario presentar el DNI o Libro de Familia el d\u00eda del evento.<\/p>\n<p>Para m\u00e1s informaci\u00f3n y formas contacto , puedes <strong><a href=\"https:\/\/kickthewop.com\/\" target=\"_blank\" rel=\"noopener\">acceder a la web del evento.<\/a><\/strong><\/p>\n","protected":false},"featured_media":12967,"template":"","meta":[],"product_brand":[],"product_cat":[132],"product_tag":[],"class_list":{"0":"post-12947","1":"product","2":"type-product","3":"status-publish","4":"has-post-thumbnail","6":"product_cat-132","8":"first","9":"instock","10":"taxable","11":"shipping-taxable","12":"purchasable","13":"product-type-variable"},"_links":{"self":[{"href":"https:\/\/actividadesextraescolaresmadrid-actex.com\/kickthewop\/wp-json\/wp\/v2\/product\/12947"}],"collection":[{"href":"https:\/\/actividadesextraescolaresmadrid-actex.com\/kickthewop\/wp-json\/wp\/v2\/product"}],"about":[{"href":"https:\/\/actividadesextraescolaresmadrid-actex.com\/kickthewop\/wp-json\/wp\/v2\/types\/product"}],"wp:featuredmedia":[{"embeddable":true,"href":"https:\/\/actividadesextraescolaresmadrid-actex.com\/kickthewop\/wp-json\/wp\/v2\/media\/12967"}],"wp:attachment":[{"href":"https:\/\/actividadesextraescolaresmadrid-actex.com\/kickthewop\/wp-json\/wp\/v2\/media?parent=12947"}],"wp:term":[{"taxonomy":"product_brand","embeddable":true,"href":"https:\/\/actividadesextraescolaresmadrid-actex.com\/kickthewop\/wp-json\/wp\/v2\/product_brand?post=12947"},{"taxonomy":"product_cat","embeddable":true,"href":"https:\/\/actividadesextraescolaresmadrid-actex.com\/kickthewop\/wp-json\/wp\/v2\/product_cat?post=12947"},{"taxonomy":"product_tag","embeddable":true,"href":"https:\/\/actividadesextraescolaresmadrid-actex.com\/kickthewop\/wp-json\/wp\/v2\/product_tag?post=12947"}],"curies":[{"name":"wp","href":"https:\/\/api.w.org\/{rel}","templated":true}]}}