{"id":281,"date":"2019-06-27T11:17:02","date_gmt":"2019-06-27T11:17:02","guid":{"rendered":"https:\/\/actividadesextraescolaresmadrid-actex.com\/kickthewop\/?page_id=281"},"modified":"2024-03-14T16:48:54","modified_gmt":"2024-03-14T14:48:54","slug":"politica-de-privacidad","status":"publish","type":"page","link":"https:\/\/actividadesextraescolaresmadrid-actex.com\/kickthewop\/politica-de-privacidad\/","title":{"rendered":"Pol\u00edtica de Privacidad y Aviso Legal"},"content":{"rendered":"<p>Cuando usted nos facilita informaci\u00f3n de car\u00e1cter personal a trav\u00e9s del sitio web <u><a href=\"http:\/\/www.ereaazurmendi.com\/\">https:\/\/actividadesextraescolaresmadrid-actex.com\/kickthewop<\/a><\/u> (en adelante, el \u201cSitio Web\u201d), se respeta su intimidad y los derechos que le reconoce la normativa sobre protecci\u00f3n de datos de car\u00e1cter personal. Por ello, es importante que entienda que informaci\u00f3n recabamos acerca de usted durante su visita y qu\u00e9 hacemos con dicha informaci\u00f3n. Su visita al Sitio Web est\u00e1 sujeta a la presente Pol\u00edtica sobre Tratamiento de Datos Personales.<\/p>\n<p>Nunca comunicaremos a terceros su informaci\u00f3n de car\u00e1cter personal, salvo en la forma establecida en esta Pol\u00edtica sobre Privacidad y Tratamiento de Datos o en los avisos establecidos para cada supuesto en que se recojan sus datos personales.<\/p>\n<p>El responsable del sitio solamente podr\u00e1 revelar cualquier informaci\u00f3n, incluyendo datos de car\u00e1cter personal, que considere necesaria para dar cumplimiento a las obligaciones legales.<\/p>\n<ol>\n<li>\n<h3>Recogida y Uso de la Informaci\u00f3n<\/h3>\n<\/li>\n<\/ol>\n<p>Al facilitarnos sus datos de car\u00e1cter personal en el Sitio Web, est\u00e1 expresando su aceptaci\u00f3n al tratamiento y comunicaci\u00f3n de sus datos personales en la forma contemplada en esta Pol\u00edtica sobre Tratamiento de Datos Personales. Si prefiere que el responsable del sitio no recabe informaci\u00f3n personal acerca de usted, rogamos que no nos la facilite.<\/p>\n<p>El responsable del sitio podr\u00e1 usar la informaci\u00f3n de car\u00e1cter personal que nos facilite de forma disociada (sin identificaci\u00f3n personal) para fines internos, como puede ser la elaboraci\u00f3n de estad\u00edsticas. As\u00ed el responsable del sitio podr\u00e1 recabar, almacenar o acumular determinada informaci\u00f3n de car\u00e1cter no personal referente a su uso del Sitio Web, como por ejemplo aquella informaci\u00f3n que indique cu\u00e1les de nuestras p\u00e1ginas son m\u00e1s populares.<\/p>\n<p>El buz\u00f3n de contacto de la web tiene car\u00e1cter meramente informativo, sin que, en ning\u00fan caso, pueda derivarse de la contestaci\u00f3n efecto jur\u00eddico vinculante alguno.<\/p>\n<ol start=\"2\">\n<li>\n<h3>Cookies y Archivos de Registro<\/h3>\n<\/li>\n<\/ol>\n<p>El responsable del sitio podr\u00e1 colocar una \u201ccookie\u201d en el disco duro de su ordenador a fin de reconocerlo como usuario recurrente y personalizar su uso del Sitio Web. La cookie se guardar\u00e1 en el disco duro de su ordenador hasta que usted la elimine. Podr\u00e1 hacer que su navegador le avise de la presencia de cookies o que los rechace autom\u00e1ticamente. Si rechaza las cookies podr\u00e1 seguir usando el Sitio Web, si bien ello podr\u00e1 suponer la limitaci\u00f3n en el uso de algunas de las prestaciones o impedir el buen funcionamiento del Sitio Web.<\/p>\n<ol start=\"3\">\n<li>\n<h3>Terceros<\/h3>\n<\/li>\n<\/ol>\n<p>El responsable del sitio podr\u00e1 contratar a terceros para que desempe\u00f1en funciones en su nombre en relaci\u00f3n con los fines para los que se puedan recoger sus datos personales, como por ejemplo, analizar la informaci\u00f3n proporcionada, alojar sitios web o prestar servicios integrados de log\u00edstica. Dichos terceros podr\u00e1n tener acceso a la informaci\u00f3n de car\u00e1cter personal necesaria para el desempe\u00f1o de sus funciones, si bien no podr\u00e1n utilizar dicha informaci\u00f3n para ning\u00fan otro fin y regularemos nuestras relaciones con tales terceros en la manera exigida por la normativa aplicable sobre protecci\u00f3n de datos de car\u00e1cter personal. Nuestro Web Site puede utilizar servidores publicitarios (tales como DoubleClick o AdSense), con el fin de facilitar contenidos publicitarios que el usuario visualiza en nuestras p\u00e1ginas. Dichos servidores publicitarios, utilizan cookies que le permiten adaptar los contenidos publicitarios a los perfiles demogr\u00e1ficos de los usuarios.<\/p>\n<ol start=\"4\">\n<li>\n<h3>Enlaces<\/h3>\n<\/li>\n<\/ol>\n<p>El Sitio Web podr\u00e1 contener enlaces a o desde otros sitios web. Debe saber que el responsable del sitio no se responsabiliza de las pr\u00e1cticas que, en materia de tratamiento de datos personales, siguen otros sitios web. La presente Pol\u00edtica sobre Tratamiento de Datos Personales es de aplicaci\u00f3n solamente a la informaci\u00f3n que recabamos en el Sitio Web. Le aconsejamos leer las pol\u00edticas sobre tratamiento de datos personales de otros sitios web con los que enlace a o desde nuestro Sitio Web o que visite de otra forma.<\/p>\n<ol start=\"5\">\n<li>\n<h3>Seguridad<\/h3>\n<\/li>\n<\/ol>\n<p>El responsable del sitio ha implantado diversas medidas para proteger la seguridad de su informaci\u00f3n personal, tanto \u201con line\u201d como \u201coff line\u201d.<\/p>\n<ol start=\"6\">\n<li>\n<h3>Protecci\u00f3n de datos personales<\/h3>\n<\/li>\n<\/ol>\n<p>A los efectos de lo establecido en el Reglamento Europeo 2016\/ 679 de Protecci\u00f3n de Datos Personales (RGPD), GLOBAL TOTAL SERVICE (B-81.829.996) garantiza la confidencialidad de los datos personales de que dispone. Le comunicamos que los datos facilitados forman parte de una base de datos gestionada por GLOBAL TOTAL SERVICE (B-81.829.996), para la gesti\u00f3n de los servicios contratados y la eventual comunicaci\u00f3n de campa\u00f1as promocionales. Los datos ser\u00e1n mantenidos durante la relaci\u00f3n contractual y no ser\u00e1n cedidos a otras entidades sin su permiso expreso. Si desea ejercitar sus derechos de acceso, rectificaci\u00f3n, cancelaci\u00f3n, oposici\u00f3n y portabilidad de los datos de car\u00e1cter personal, puede hacerlo a trav\u00e9s de la direcci\u00f3n <a href=\"mailto:info@ereaazurmendi.com\">info@globaltotalservice.com ,<\/a> en los t\u00e9rminos establecidos en el RGPD. Puede ampliar informaci\u00f3n sobre sus derechos en cuanto a la confidencialidad de los datos personales a trav\u00e9s de la Agencia Espa\u00f1ola de Protecci\u00f3n de Datos.<\/p>\n<p>&nbsp;<\/p>\n<p>&nbsp;<\/p>\n<p>&nbsp;<\/p>\n<p>&nbsp;<\/p>\n","protected":false},"excerpt":{"rendered":"<p>Cuando usted nos facilita informaci\u00f3n de car\u00e1cter personal a trav\u00e9s del sitio web https:\/\/actividadesextraescolaresmadrid-actex.com\/kickthewop (en adelante, el \u201cSitio Web\u201d), se respeta su intimidad y los derechos que le reconoce la normativa sobre protecci\u00f3n de datos de car\u00e1cter personal. Por ello, es importante que entienda que informaci\u00f3n recabamos acerca de usted durante su visita y qu\u00e9 [&hellip;]<\/p>\n","protected":false},"author":1,"featured_media":0,"parent":0,"menu_order":0,"comment_status":"closed","ping_status":"closed","template":"","meta":{"footnotes":""},"class_list":["post-281","page","type-page","status-publish","hentry"],"_links":{"self":[{"href":"https:\/\/actividadesextraescolaresmadrid-actex.com\/kickthewop\/wp-json\/wp\/v2\/pages\/281"}],"collection":[{"href":"https:\/\/actividadesextraescolaresmadrid-actex.com\/kickthewop\/wp-json\/wp\/v2\/pages"}],"about":[{"href":"https:\/\/actividadesextraescolaresmadrid-actex.com\/kickthewop\/wp-json\/wp\/v2\/types\/page"}],"author":[{"embeddable":true,"href":"https:\/\/actividadesextraescolaresmadrid-actex.com\/kickthewop\/wp-json\/wp\/v2\/users\/1"}],"replies":[{"embeddable":true,"href":"https:\/\/actividadesextraescolaresmadrid-actex.com\/kickthewop\/wp-json\/wp\/v2\/comments?post=281"}],"version-history":[{"count":9,"href":"https:\/\/actividadesextraescolaresmadrid-actex.com\/kickthewop\/wp-json\/wp\/v2\/pages\/281\/revisions"}],"predecessor-version":[{"id":10257,"href":"https:\/\/actividadesextraescolaresmadrid-actex.com\/kickthewop\/wp-json\/wp\/v2\/pages\/281\/revisions\/10257"}],"wp:attachment":[{"href":"https:\/\/actividadesextraescolaresmadrid-actex.com\/kickthewop\/wp-json\/wp\/v2\/media?parent=281"}],"curies":[{"name":"wp","href":"https:\/\/api.w.org\/{rel}","templated":true}]}}